{"id":330,"date":"2019-03-13T10:04:01","date_gmt":"2019-03-13T09:04:01","guid":{"rendered":"https:\/\/timetoeat.me\/kontakt\/"},"modified":"2023-11-20T16:41:05","modified_gmt":"2023-11-20T15:41:05","slug":"contact","status":"publish","type":"page","link":"https:\/\/timetoeat.me\/en\/contact\/","title":{"rendered":"Contact"},"content":{"rendered":"<p>[et_pb_section fb_built=&#8221;1&#8243; admin_label=&#8221;Subscribe&#8221; _builder_version=&#8221;3.20.2&#8243; background_color=&#8221;#BC9B5D&#8221; box_shadow_style=&#8221;preset7&#8243; box_shadow_horizontal=&#8221;0px&#8221; box_shadow_vertical=&#8221;0px&#8221; box_shadow_color=&#8221;#ffffff&#8221; custom_margin=&#8221;|||&#8221; custom_padding=&#8221;8vw|0|30px||false|false&#8221; top_divider_height=&#8221;6vw&#8221;][et_pb_row custom_padding=&#8221;60px|40px|60px|40px|true|true&#8221; custom_margin=&#8221;60px||60px||true&#8221; custom_padding_last_edited=&#8221;off|desktop&#8221; _builder_version=&#8221;3.15&#8243; background_color=&#8221;#ffffff&#8221; border_radii=&#8221;on|10px|10px|10px|10px&#8221; box_shadow_style=&#8221;preset1&#8243; box_shadow_vertical=&#8221;10px&#8221; box_shadow_blur=&#8221;100px&#8221; box_shadow_color=&#8221;rgba(91,110,115,0.1)&#8221; animation_style=&#8221;zoom&#8221; animation_intensity_zoom=&#8221;10%&#8221;][et_pb_column type=&#8221;1_2&#8243; _builder_version=&#8221;3.0.47&#8243;][et_pb_image src=&#8221;https:\/\/timetoeat.me\/wp-content\/uploads\/2019\/03\/logo.png&#8221; _builder_version=&#8221;3.20.2&#8243;][\/et_pb_image][et_pb_text _builder_version=&#8221;3.20.2&#8243;]<\/p>\n<h2><strong>timetoeat.me<\/strong><\/h2>\n<p>al. Grunwaldzka 56 p. 205<br \/> 80-241 Gda\u0144sk<\/p>\n<p>NIP 586-21-79-778<\/p>\n<p>[\/et_pb_text][et_pb_map address=&#8221;aleja Grunwaldzka 56, 80-227 Gda\u0144sk, Polska&#8221; address_lat=&#8221;54.376376&#8243; address_lng=&#8221;18.611769&#8243; _builder_version=&#8221;3.20.2&#8243;][et_pb_map_pin title=&#8221;timetoeat.me&#8221; pin_address=&#8221;Alchemia, aleja Grunwaldzka 411\/5 pi\u0119tro, 80-309 Gda\u0144sk, Polska&#8221; pin_address_lat=&#8221;54.3993447&#8243; pin_address_lng=&#8221;18.5765618&#8243; _builder_version=&#8221;3.20.2&#8243;]Alchemia Aurum, 5 pi\u0119tro<br \/>\nal. Grunwaldzka 411<br \/>\n80-309 Gda\u0144sk[\/et_pb_map_pin][\/et_pb_map][\/et_pb_column][et_pb_column type=&#8221;1_2&#8243; _builder_version=&#8221;3.0.47&#8243;][et_pb_text _builder_version=&#8221;3.15&#8243; text_font=&#8221;||||||||&#8221; text_line_height=&#8221;2em&#8221; header_font=&#8221;||||||||&#8221; header_3_font=&#8221;Merriweather|700|||||||&#8221; header_3_font_size=&#8221;26px&#8221; header_3_font_size_phone=&#8221;20px&#8221; header_3_font_size_last_edited=&#8221;on|phone&#8221; header_3_line_height=&#8221;1.6em&#8221; locked=&#8221;off&#8221;]<\/p>\n<h3>Contact us<\/h3>\n<p>Send us a message and we will reply as soon as possible!<\/p>\n<p>[\/et_pb_text][et_pb_code _builder_version=&#8221;3.20.2&#8243;][contact-form-7 id=&#8221;485&#8243; title=&#8221;Formularz 1&#8243;][\/et_pb_code][et_pb_text _builder_version=&#8221;3.20.2&#8243;]<\/p>\n<p>\u2026 or contact us by phone<\/p>\n<p><strong> Rafa\u0142 Zalewski<\/strong><br \/> +48 669 382 241<br \/> <a href=\"mailto:r.zalewski@timetoeat.me\">r.zalewski@timetoeat.me<\/a><\/p>\n<p>[\/et_pb_text][\/et_pb_column][\/et_pb_row][\/et_pb_section]<\/p>\n","protected":false},"excerpt":{"rendered":"<p>timetoeat.me al. Grunwaldzka 56 p. 205 80-241 Gda\u0144sk NIP 586-21-79-778Alchemia Aurum, 5 pi\u0119tro al. Grunwaldzka 411 80-309 Gda\u0144skContact us Send us a message and we will reply as soon as possible![contact-form-7 id=&#8221;485&#8243; title=&#8221;Formularz 1&#8243;]\u2026 or contact us by phone Rafa\u0142 Zalewski +48 669 382 241 r.zalewski@timetoeat.me<\/p>\n","protected":false},"author":2,"featured_media":0,"parent":0,"menu_order":0,"comment_status":"closed","ping_status":"closed","template":"","meta":{"_et_pb_use_builder":"on","_et_pb_old_content":"","_et_gb_content_width":"","footnotes":""},"class_list":["post-330","page","type-page","status-publish","hentry"],"_links":{"self":[{"href":"https:\/\/timetoeat.me\/en\/wp-json\/wp\/v2\/pages\/330","targetHints":{"allow":["GET"]}}],"collection":[{"href":"https:\/\/timetoeat.me\/en\/wp-json\/wp\/v2\/pages"}],"about":[{"href":"https:\/\/timetoeat.me\/en\/wp-json\/wp\/v2\/types\/page"}],"author":[{"embeddable":true,"href":"https:\/\/timetoeat.me\/en\/wp-json\/wp\/v2\/users\/2"}],"replies":[{"embeddable":true,"href":"https:\/\/timetoeat.me\/en\/wp-json\/wp\/v2\/comments?post=330"}],"version-history":[{"count":5,"href":"https:\/\/timetoeat.me\/en\/wp-json\/wp\/v2\/pages\/330\/revisions"}],"predecessor-version":[{"id":1787,"href":"https:\/\/timetoeat.me\/en\/wp-json\/wp\/v2\/pages\/330\/revisions\/1787"}],"wp:attachment":[{"href":"https:\/\/timetoeat.me\/en\/wp-json\/wp\/v2\/media?parent=330"}],"curies":[{"name":"wp","href":"https:\/\/api.w.org\/{rel}","templated":true}]}}